{"id":16,"date":"2026-05-03T20:41:59","date_gmt":"2026-05-03T18:41:59","guid":{"rendered":"https:\/\/autyzm.learnly.pl\/index.php\/rejestracja\/"},"modified":"2026-05-03T20:41:59","modified_gmt":"2026-05-03T18:41:59","slug":"rejestracja","status":"publish","type":"page","link":"https:\/\/autyzm.learnly.pl\/index.php\/rejestracja\/","title":{"rendered":"Rejestracja"},"content":{"rendered":"\n<div class=\"wpsell-auth-wrapper\">\n    <div class=\"wpsell-auth-container wpsell-auth-container-wide\">\n        <div class=\"wpsell-auth-header\">\n                            <h2 class=\"wpsell-auth-title\">Utw\u00f3rz konto<\/h2>\n                        <p class=\"wpsell-auth-subtitle\">Do\u0142\u0105cz do nas i rozpocznij nauk\u0119 ju\u017c dzi\u015b!<\/p>\n        <\/div>\n\n        <form id=\"wpsell-register-form\" class=\"wpsell-auth-form\" method=\"post\">\n            <input type=\"hidden\" name=\"redirect\" value=\"\">\n            \n            <!-- Honeypot field -->\n            <input type=\"text\" name=\"website\" style=\"display:none;\" tabindex=\"-1\" autocomplete=\"off\">\n\n            <div class=\"wpsell-form-message\" style=\"display:none;\"><\/div>\n\n            <div class=\"wpsell-form-row\">\n                <div class=\"wpsell-form-group\">\n                    <label for=\"wpsell-register-first-name\" class=\"wpsell-form-label\">\n                        Imi\u0119                    <\/label>\n                    <input \n                        type=\"text\" \n                        id=\"wpsell-register-first-name\" \n                        name=\"first_name\" \n                        class=\"wpsell-form-input\" \n                        placeholder=\"Jan\"\n                        autocomplete=\"given-name\"\n                    >\n                <\/div>\n\n                <div class=\"wpsell-form-group\">\n                    <label for=\"wpsell-register-last-name\" class=\"wpsell-form-label\">\n                        Nazwisko                    <\/label>\n                    <input \n                        type=\"text\" \n                        id=\"wpsell-register-last-name\" \n                        name=\"last_name\" \n                        class=\"wpsell-form-input\" \n                        placeholder=\"Kowalski\"\n                        autocomplete=\"family-name\"\n                    >\n                <\/div>\n            <\/div>\n\n            <div class=\"wpsell-form-group\">\n                <label for=\"wpsell-register-username\" class=\"wpsell-form-label\">\n                    Nazwa u\u017cytkownika <span class=\"wpsell-required\">*<\/span>\n                <\/label>\n                <div class=\"wpsell-input-icon\">\n                    <svg width=\"20\" height=\"20\" viewBox=\"0 0 20 20\" fill=\"none\">\n                        <path d=\"M10 10C12.7614 10 15 7.76142 15 5C15 2.23858 12.7614 0 10 0C7.23858 0 5 2.23858 5 5C5 7.76142 7.23858 10 10 10ZM10 12.5C6.66667 12.5 0 14.175 0 17.5V20H20V17.5C20 14.175 13.3333 12.5 10 12.5Z\" fill=\"currentColor\"\/>\n                    <\/svg>\n                    <input \n                        type=\"text\" \n                        id=\"wpsell-register-username\" \n                        name=\"username\" \n                        class=\"wpsell-form-input\" \n                        placeholder=\"jankowalski\"\n                        required\n                        autocomplete=\"username\"\n                    >\n                <\/div>\n                <small class=\"wpsell-form-help\">Tylko ma\u0142e litery, cyfry i podkre\u015blniki<\/small>\n            <\/div>\n\n            <div class=\"wpsell-form-group\">\n                <label for=\"wpsell-register-email\" class=\"wpsell-form-label\">\n                    Adres email <span class=\"wpsell-required\">*<\/span>\n                <\/label>\n                <div class=\"wpsell-input-icon\">\n                    <svg width=\"20\" height=\"20\" viewBox=\"0 0 20 20\" fill=\"none\">\n                        <path d=\"M18 4H2C0.9 4 0.00999999 4.9 0.00999999 6L0 14C0 15.1 0.9 16 2 16H18C19.1 16 20 15.1 20 14V6C20 4.9 19.1 4 18 4ZM18 8L10 13L2 8V6L10 11L18 6V8Z\" fill=\"currentColor\"\/>\n                    <\/svg>\n                    <input \n                        type=\"email\" \n                        id=\"wpsell-register-email\" \n                        name=\"email\" \n                        class=\"wpsell-form-input\" \n                        placeholder=\"jan@example.com\"\n                        required\n                        autocomplete=\"email\"\n                    >\n                <\/div>\n            <\/div>\n\n            \n            <div class=\"wpsell-form-row\">\n                <div class=\"wpsell-form-group\">\n                    <label for=\"wpsell-register-password\" class=\"wpsell-form-label\">\n                        Has\u0142o <span class=\"wpsell-required\">*<\/span>\n                    <\/label>\n                    <div class=\"wpsell-input-icon\">\n                        <svg width=\"20\" height=\"20\" viewBox=\"0 0 20 20\" fill=\"none\">\n                            <path d=\"M15.8333 9.16667H4.16667C3.24619 9.16667 2.5 9.91286 2.5 10.8333V16.6667C2.5 17.5871 3.24619 18.3333 4.16667 18.3333H15.8333C16.7538 18.3333 17.5 17.5871 17.5 16.6667V10.8333C17.5 9.91286 16.7538 9.16667 15.8333 9.16667Z\" fill=\"currentColor\"\/>\n                            <path d=\"M5.83333 9.16667V5.83333C5.83333 4.72826 6.27232 3.66846 7.05372 2.88706C7.83512 2.10566 8.89493 1.66667 10 1.66667C11.1051 1.66667 12.1649 2.10566 12.9463 2.88706C13.7277 3.66846 14.1667 4.72826 14.1667 5.83333V9.16667\" stroke=\"currentColor\" stroke-width=\"1.5\" stroke-linecap=\"round\" stroke-linejoin=\"round\"\/>\n                        <\/svg>\n                        <input \n                            type=\"password\" \n                            id=\"wpsell-register-password\" \n                            name=\"password\" \n                            class=\"wpsell-form-input wpsell-password-strength\" \n                            placeholder=\"Minimum 8 znak\u00f3w\"\n                            required\n                            autocomplete=\"new-password\"\n                            minlength=\"8\"\n                        >\n                        <button type=\"button\" class=\"wpsell-password-toggle\" aria-label=\"Poka\u017c has\u0142o\">\n                            <svg class=\"eye-open\" width=\"20\" height=\"20\" viewBox=\"0 0 20 20\" fill=\"none\">\n                                <path d=\"M10 4.16667C5.83333 4.16667 2.27499 6.73333 0.833328 10.4167C2.27499 14.1 5.83333 16.6667 10 16.6667C14.1667 16.6667 17.725 14.1 19.1667 10.4167C17.725 6.73333 14.1667 4.16667 10 4.16667ZM10 14.1667C7.7 14.1667 5.83333 12.3 5.83333 10C5.83333 7.7 7.7 5.83333 10 5.83333C12.3 5.83333 14.1667 7.7 14.1667 10C14.1667 12.3 12.3 14.1667 10 14.1667ZM10 7.5C8.61666 7.5 7.49999 8.61667 7.49999 10C7.49999 11.3833 8.61666 12.5 10 12.5C11.3833 12.5 12.5 11.3833 12.5 10C12.5 8.61667 11.3833 7.5 10 7.5Z\" fill=\"currentColor\"\/>\n                            <\/svg>\n                            <svg class=\"eye-closed\" width=\"20\" height=\"20\" viewBox=\"0 0 20 20\" fill=\"none\" style=\"display:none;\">\n                                <path d=\"M10 5.83333C12.3 5.83333 14.1667 7.7 14.1667 10C14.1667 10.6583 14.0167 11.2833 13.75 11.85L16.1667 14.2667C17.4833 13.2333 18.5667 11.9 19.1667 10.4167C17.725 6.73333 14.1667 4.16667 10 4.16667C9.06666 4.16667 8.16666 4.3 7.31666 4.55L9.14999 6.38333C9.71666 6.11667 10.3417 5.83333 10 5.83333ZM1.66666 3.51667L3.81666 5.66667L4.19999 6.05C2.78333 7.1 1.64166 8.5 0.833328 10.4167C2.27499 14.1 5.83333 16.6667 10 16.6667C11.05 16.6667 12.0667 16.5 13.0167 16.2083L13.3667 16.5583L16.15 19.3333L17.5 17.9833L3.01666 3.5L1.66666 3.51667Z\" fill=\"currentColor\"\/>\n                            <\/svg>\n                        <\/button>\n                    <\/div>\n                    <div class=\"wpsell-password-strength-meter\" style=\"display:none;\">\n                        <div class=\"wpsell-strength-bar\"><\/div>\n                        <span class=\"wpsell-strength-text\"><\/span>\n                    <\/div>\n                <\/div>\n\n                <div class=\"wpsell-form-group\">\n                    <label for=\"wpsell-register-password-confirm\" class=\"wpsell-form-label\">\n                        Potwierd\u017a has\u0142o <span class=\"wpsell-required\">*<\/span>\n                    <\/label>\n                    <div class=\"wpsell-input-icon\">\n                        <svg width=\"20\" height=\"20\" viewBox=\"0 0 20 20\" fill=\"none\">\n                            <path d=\"M15.8333 9.16667H4.16667C3.24619 9.16667 2.5 9.91286 2.5 10.8333V16.6667C2.5 17.5871 3.24619 18.3333 4.16667 18.3333H15.8333C16.7538 18.3333 17.5 17.5871 17.5 16.6667V10.8333C17.5 9.91286 16.7538 9.16667 15.8333 9.16667Z\" fill=\"currentColor\"\/>\n                            <path d=\"M5.83333 9.16667V5.83333C5.83333 4.72826 6.27232 3.66846 7.05372 2.88706C7.83512 2.10566 8.89493 1.66667 10 1.66667C11.1051 1.66667 12.1649 2.10566 12.9463 2.88706C13.7277 3.66846 14.1667 4.72826 14.1667 5.83333V9.16667\" stroke=\"currentColor\" stroke-width=\"1.5\" stroke-linecap=\"round\" stroke-linejoin=\"round\"\/>\n                        <\/svg>\n                        <input \n                            type=\"password\" \n                            id=\"wpsell-register-password-confirm\" \n                            name=\"password_confirm\" \n                            class=\"wpsell-form-input\" \n                            placeholder=\"Powt\u00f3rz has\u0142o\"\n                            required\n                            autocomplete=\"new-password\"\n                        >\n                    <\/div>\n                <\/div>\n            <\/div>\n\n                        <div class=\"wpsell-form-group\">\n                <label class=\"wpsell-checkbox\">\n                    <input type=\"checkbox\" name=\"consent\" value=\"1\" required>\n                    <span class=\"wpsell-checkbox-label\">\n                        Akceptuj\u0119 <a href=\"\" target=\"_blank\">Regulamin<\/a> i <a href=\"\" target=\"_blank\">Polityk\u0119 Prywatno\u015bci<\/a>                        <span class=\"wpsell-required\">*<\/span>\n                    <\/span>\n                <\/label>\n            <\/div>\n            \n            <button type=\"submit\" class=\"wpsell-btn wpsell-btn-primary wpsell-btn-block\">\n                <span class=\"wpsell-btn-text\">Utw\u00f3rz konto<\/span>\n                <span class=\"wpsell-btn-loader\" style=\"display:none;\">\n                    <svg width=\"20\" height=\"20\" viewBox=\"0 0 20 20\" fill=\"none\">\n                        <circle cx=\"10\" cy=\"10\" r=\"8\" stroke=\"currentColor\" stroke-width=\"2\" stroke-linecap=\"round\" stroke-dasharray=\"12 28\" \/>\n                    <\/svg>\n                <\/span>\n            <\/button>\n        <\/form>\n\n                    <div class=\"wpsell-auth-footer\">\n                <p>\n                    Masz ju\u017c konto?                    <a href=\"https:\/\/autyzm.learnly.pl\/index.php\/logowanie\/\" class=\"wpsell-link-primary\">\n                        Zaloguj si\u0119                    <\/a>\n                <\/p>\n            <\/div>\n            <\/div>\n<\/div>\n\n","protected":false},"excerpt":{"rendered":"","protected":false},"author":1,"featured_media":0,"parent":0,"menu_order":0,"comment_status":"closed","ping_status":"closed","template":"","meta":{"footnotes":""},"class_list":["post-16","page","type-page","status-publish","hentry"],"_links":{"self":[{"href":"https:\/\/autyzm.learnly.pl\/index.php\/wp-json\/wp\/v2\/pages\/16","targetHints":{"allow":["GET"]}}],"collection":[{"href":"https:\/\/autyzm.learnly.pl\/index.php\/wp-json\/wp\/v2\/pages"}],"about":[{"href":"https:\/\/autyzm.learnly.pl\/index.php\/wp-json\/wp\/v2\/types\/page"}],"author":[{"embeddable":true,"href":"https:\/\/autyzm.learnly.pl\/index.php\/wp-json\/wp\/v2\/users\/1"}],"replies":[{"embeddable":true,"href":"https:\/\/autyzm.learnly.pl\/index.php\/wp-json\/wp\/v2\/comments?post=16"}],"version-history":[{"count":0,"href":"https:\/\/autyzm.learnly.pl\/index.php\/wp-json\/wp\/v2\/pages\/16\/revisions"}],"wp:attachment":[{"href":"https:\/\/autyzm.learnly.pl\/index.php\/wp-json\/wp\/v2\/media?parent=16"}],"curies":[{"name":"wp","href":"https:\/\/api.w.org\/{rel}","templated":true}]}}