{"id":14,"date":"2026-05-03T20:41:59","date_gmt":"2026-05-03T18:41:59","guid":{"rendered":"https:\/\/autyzm.learnly.pl\/index.php\/katalog-kursow\/"},"modified":"2026-05-03T20:41:59","modified_gmt":"2026-05-03T18:41:59","slug":"katalog-kursow","status":"publish","type":"page","link":"https:\/\/autyzm.learnly.pl\/index.php\/katalog-kursow\/","title":{"rendered":"Katalog Kurs\u00f3w"},"content":{"rendered":"        <div class=\"wpsell-courses-shortcode\">\n            <div class=\"wpsell-courses-grid\">\n                                                            <div class=\"wpsell-course-item\">\n                                                        <div class=\"wpsell-course-content\">\n                                <h3>\n                                    <a href=\"https:\/\/autyzm.learnly.pl\/index.php\/kursy\/zrozumiec-autyzm-przewodnik-dla-rodzicow-i-opiekunow\/\">\n                                        Zrozumie\u0107 Autyzm \u2013 przewodnik dla rodzic\u00f3w i opiekun\u00f3w                                    <\/a>\n                                <\/h3>\n                                                                    <p>Kompleksowy kurs dla rodzic\u00f3w, opiekun\u00f3w i nauczycieli, kt\u00f3ry pomaga zrozumie\u0107 spektrum autyzmu i skutecznie wspiera\u0107 osoby z ASD w codziennym&hellip;<\/p>\n                                                                <a href=\"https:\/\/autyzm.learnly.pl\/index.php\/kursy\/zrozumiec-autyzm-przewodnik-dla-rodzicow-i-opiekunow\/\" class=\"wpsell-btn wpsell-btn-primary\">\n                                    Zobacz kurs                                <\/a>\n                            <\/div>\n                        <\/div>\n                                                                    <\/div>\n        <\/div>\n\n        <style>\n        .wpsell-courses-shortcode {\n            margin: 20px 0;\n        }\n        .wpsell-courses-grid {\n            display: grid;\n            grid-template-columns: repeat(3, 1fr);\n            gap: 30px;\n        }\n        .wpsell-course-item {\n            background: #fff;\n            border-radius: 12px;\n            overflow: hidden;\n            box-shadow: 0 2px 8px rgba(0, 0, 0, 0.1);\n            transition: transform 0.3s;\n        }\n        .wpsell-course-item:hover {\n            transform: translateY(-5px);\n        }\n        .wpsell-course-thumb img {\n            width: 100%;\n            height: 200px;\n            object-fit: cover;\n        }\n        .wpsell-course-content {\n            padding: 20px;\n        }\n        .wpsell-course-content h3 {\n            margin: 0 0 10px 0;\n            font-size: 18px;\n        }\n        .wpsell-course-content h3 a {\n            text-decoration: none;\n            color: #111827;\n        }\n        .wpsell-course-content p {\n            color: #6b7280;\n            font-size: 14px;\n            margin-bottom: 15px;\n        }\n        @media (max-width: 768px) {\n            .wpsell-courses-grid {\n                grid-template-columns: 1fr;\n            }\n        }\n        <\/style>\n        \n","protected":false},"excerpt":{"rendered":"","protected":false},"author":1,"featured_media":0,"parent":0,"menu_order":0,"comment_status":"closed","ping_status":"closed","template":"","meta":{"footnotes":""},"class_list":["post-14","page","type-page","status-publish","hentry"],"_links":{"self":[{"href":"https:\/\/autyzm.learnly.pl\/index.php\/wp-json\/wp\/v2\/pages\/14","targetHints":{"allow":["GET"]}}],"collection":[{"href":"https:\/\/autyzm.learnly.pl\/index.php\/wp-json\/wp\/v2\/pages"}],"about":[{"href":"https:\/\/autyzm.learnly.pl\/index.php\/wp-json\/wp\/v2\/types\/page"}],"author":[{"embeddable":true,"href":"https:\/\/autyzm.learnly.pl\/index.php\/wp-json\/wp\/v2\/users\/1"}],"replies":[{"embeddable":true,"href":"https:\/\/autyzm.learnly.pl\/index.php\/wp-json\/wp\/v2\/comments?post=14"}],"version-history":[{"count":0,"href":"https:\/\/autyzm.learnly.pl\/index.php\/wp-json\/wp\/v2\/pages\/14\/revisions"}],"wp:attachment":[{"href":"https:\/\/autyzm.learnly.pl\/index.php\/wp-json\/wp\/v2\/media?parent=14"}],"curies":[{"name":"wp","href":"https:\/\/api.w.org\/{rel}","templated":true}]}}